{"id":341,"date":"2026-01-31T15:30:11","date_gmt":"2026-01-31T14:30:11","guid":{"rendered":"https:\/\/metal-technik.nowastronabiznesu.pl\/?page_id=341"},"modified":"2026-02-22T21:18:56","modified_gmt":"2026-02-22T20:18:56","slug":"oferta","status":"publish","type":"page","link":"https:\/\/metal-technik.eu\/en\/oferta\/","title":{"rendered":"Offer"},"content":{"rendered":"<h2 class=\"wp-block-heading\">Nasz\u0105 ofert\u0119 produktow\u0105 podzielili\u015bmy na kilka segment\u00f3w, kt\u00f3rych g\u0142\u00f3wnym kryterium jest przeznaczenie maszyn osprz\u0119tu.<\/h2>\n\n\n\n<p>Znajdziemy w niej:<\/p>\n\n\n\n<ul class=\"wp-block-list\">\n<li>\u0142adowacze czo\u0142owe<\/li>\n\n\n\n<li>osprz\u0119t i akcesoria do \u0142adowaczy czo\u0142owych<\/li>\n\n\n\n<li>akcesoria do \u0142adowarek teleskopowych<\/li>\n\n\n\n<li>akcesoria do mini \u0142adowarek<\/li>\n\n\n\n<li>technika komunalna, kt\u00f3r\u0105 na dzie\u0144 dzisiejszy stanowi\u0105 zamiatarki i p\u0142ugi \u015bnie\u017cne.<\/li>\n<\/ul>\n\n\n\n<p>Uzupe\u0142nieniem s\u0105 pozosta\u0142e maszyny i akcesoria, w tym: rozwi\u0105zania dla rolnictwa, sadownictwa czy le\u015bnictwa, gdzie mo\u017cna znale\u017a\u0107 m.in. w\u0142\u00f3ki \u0142\u0105kowo-polowe, wa\u0142, mieszad\u0142a, chwastowniki oraz owijark\u0119 samoza\u0142adowcz\u0105 do bel.<\/p>\n\n\n\n<p>Oddzieln\u0105 kategori\u0119 stanowi\u0105 \u0142y\u017cki budowlane.<\/p>\n\n\n\n<p>Oferta systematycznie jest rozbudowywana o nowe produkty.<\/p>\n\n\n\n<p><\/p>\n\n\n\n<p><\/p>","protected":false},"excerpt":{"rendered":"<p>Nasz\u0105 ofert\u0119 produktow\u0105 podzielili\u015bmy na kilka segment\u00f3w, kt\u00f3rych g\u0142\u00f3wnym kryterium jest przeznaczenie maszyn osprz\u0119tu. Znajdziemy w niej: Uzupe\u0142nieniem s\u0105 pozosta\u0142e maszyny i akcesoria, w tym: rozwi\u0105zania dla rolnictwa, sadownictwa czy le\u015bnictwa, gdzie mo\u017cna znale\u017a\u0107 m.in. w\u0142\u00f3ki \u0142\u0105kowo-polowe, wa\u0142, mieszad\u0142a, chwastowniki oraz owijark\u0119 samoza\u0142adowcz\u0105 do bel. Oddzieln\u0105 kategori\u0119 stanowi\u0105 \u0142y\u017cki budowlane. Oferta systematycznie jest rozbudowywana o [&hellip;]<\/p>\n","protected":false},"author":1,"featured_media":0,"parent":0,"menu_order":0,"comment_status":"closed","ping_status":"closed","template":"","meta":{"footnotes":""},"class_list":["post-341","page","type-page","status-publish","hentry"],"_links":{"self":[{"href":"https:\/\/metal-technik.eu\/en\/wp-json\/wp\/v2\/pages\/341","targetHints":{"allow":["GET"]}}],"collection":[{"href":"https:\/\/metal-technik.eu\/en\/wp-json\/wp\/v2\/pages"}],"about":[{"href":"https:\/\/metal-technik.eu\/en\/wp-json\/wp\/v2\/types\/page"}],"author":[{"embeddable":true,"href":"https:\/\/metal-technik.eu\/en\/wp-json\/wp\/v2\/users\/1"}],"replies":[{"embeddable":true,"href":"https:\/\/metal-technik.eu\/en\/wp-json\/wp\/v2\/comments?post=341"}],"version-history":[{"count":0,"href":"https:\/\/metal-technik.eu\/en\/wp-json\/wp\/v2\/pages\/341\/revisions"}],"wp:attachment":[{"href":"https:\/\/metal-technik.eu\/en\/wp-json\/wp\/v2\/media?parent=341"}],"curies":[{"name":"wp","href":"https:\/\/api.w.org\/{rel}","templated":true}]}}