{"id":3,"date":"2025-04-22T23:29:20","date_gmt":"2025-04-22T21:29:20","guid":{"rendered":"http:\/\/bezaiwp68.you2.pl\/?page_id=3"},"modified":"2026-03-25T11:45:32","modified_gmt":"2026-03-25T10:45:32","slug":"polityka-prywatnosci","status":"publish","type":"page","link":"https:\/\/metal-technik.eu\/en\/polityka-prywatnosci\/","title":{"rendered":"Polityka prywatno\u015bci"},"content":{"rendered":"<div data-elementor-type=\"wp-page\" data-elementor-id=\"3\" class=\"elementor elementor-3\" data-elementor-post-type=\"page\">\n\t\t\t\t<div class=\"elementor-element elementor-element-780f0408 e-flex e-con-boxed e-con e-parent\" data-id=\"780f0408\" data-element_type=\"container\" data-e-type=\"container\" data-settings=\"{&quot;jet_parallax_layout_list&quot;:[]}\">\n\t\t\t\t\t<div class=\"e-con-inner\">\n\t\t\t\t<div class=\"elementor-element elementor-element-e440c86 elementor-widget elementor-widget-text-editor\" data-id=\"e440c86\" data-element_type=\"widget\" data-e-type=\"widget\" data-widget_type=\"text-editor.default\">\n\t\t\t\t\t\t\t\t\t<h2 class=\"wp-block-heading\">POLITYKA PRYWATNO\u015aCI SKLEPU INTERNETOWEGO WWW.SKLEP.METAL-TECHNIK.EU oraz WWW.METAL-TECHNIK.EU<\/h2>\n<h2><!-- \/wp:heading --><!-- wp:heading --><\/h2>\n<h2 class=\"wp-block-heading\">\u00a7 1<\/h2>\n<h2><!-- \/wp:heading --><!-- wp:heading --><\/h2>\n<h2 class=\"wp-block-heading\">POSTANOWIENIA OG\u00d3LNE<\/h2>\n<p><!-- \/wp:heading --><!-- wp:paragraph --><\/p>\n<p>1. Administratorem danych osobowych zbieranych za po\u015brednictwem Sklepu internetowego www.metal-technik.eu s\u0105 Wsp\u00f3lnicy Sp\u00f3\u0142ki Cywilnej METAL-TECHNIK SP. CYWILNA JAROS\u0141AW ADAMSKI, JOANNA ADAMSKA, adres do dor\u0119cze\u0144: Ga\u0142k\u00f3wka 12, 18-413 Miastkowo, NIP: 7182060921, REGON: 200160565, adres poczty elektronicznej (e-mail): sklep@metal-technik.eu, numer telefonu: +48 606 859 808. \u00a0<\/p>\n<p>1.1. Jaros\u0142aw Adamski wykonuj\u0105cy dzia\u0142alno\u015b\u0107 gospodarcz\u0105 pod firm\u0105 AGENCJA HANDLOWO- PROMOCYJNA Adamski Jaros\u0142aw wpisan\u0105 do Centralnej Ewidencji i Informacji o Dzia\u0142alno\u015bci Gospodarczej Rzeczypospolitej Polskiej prowadzonej przez ministra w\u0142a\u015bciwego do spraw gospodarki, adres do dor\u0119cze\u0144: Ga\u0142k\u00f3wka 12, 18-413 Miastkowo, NIP: 7181356128, REGON: 450661440, oraz<br \/>1.2. Joanna Adamska wykonuj\u0105ca dzia\u0142alno\u015b\u0107 gospodarcz\u0105 pod JOANNA ADAMSKA wpisan\u0105 do Centralnej Ewidencji i Informacji o Dzia\u0142alno\u015bci Gospodarczej Rzeczypospolitej Polskiej prowadzonej przez ministra w\u0142a\u015bciwego do spraw gospodarki, miejsce wykonywania dzia\u0142alno\u015bci oraz adres do dor\u0119cze\u0144: Ga\u0142k\u00f3wka 12, 18-413 Miastkowo, NIP: 7181281399, REGON: 200663830, zwani dalej \u201eAdministratorem&#8221; i b\u0119d\u0105cy jednocze\u015bnie \u201eUs\u0142ugodawc\u0105\u201d.<!-- \/wp:paragraph --><!-- wp:paragraph --><\/p>\n<p>2. Dane osobowe zbierane przez Administratora za po\u015brednictwem strony internetowej s\u0105 przetwarzane zgodnie z Rozporz\u0105dzeniem Parlamentu Europejskiego i Rady (UE) 2016\/679 z dnia 27 kwietnia 2016 r. w sprawie ochrony os\u00f3b fizycznych w zwi\u0105zku z przetwarzaniem danych osobowych i w sprawie swobodnego przep\u0142ywu takich danych oraz uchylenia dyrektywy 95\/46\/WE (og\u00f3lne rozporz\u0105dzenie o ochronie danych), zwane dalej RODO.<!-- \/wp:paragraph --><!-- wp:paragraph --><\/p>\n<p>3. Wszelkie wyrazy lub wyra\u017cenia pisane w tre\u015bci niniejszej Polityki Prywatno\u015bci z du\u017cej litery nale\u017cy rozumie\u0107 zgodnie z ich definicj\u0105 zawart\u0105 w Regulaminie Sklepu internetowego www.metal-technik.eu<\/p>\n<p><!-- \/wp:paragraph --><!-- wp:heading --><\/p>\n<h2 class=\"wp-block-heading\">\u00a7 2<\/h2>\n<h2><!-- \/wp:heading --><!-- wp:heading --><\/h2>\n<h2 class=\"wp-block-heading\">RODZAJ PRZETWARZANYCH DANYCH OSOBOWYCH, CEL I ZAKRES ZBIERANIA DANYCH<\/h2>\n<p class=\"wp-block-heading\"><span style=\"font-size: 16px;\">1. CEL PRZETWARZANIA I PODSTAWA PRAWNA. <\/span><\/p>\n<p class=\"wp-block-heading\"><span style=\"font-size: 16px;\">Administrator przetwarza dane osobowe <\/span><span style=\"font-style: normal; font-variant-caps: normal;\">Us\u0142ugobiorc\u00f3w Sklepu www.metal-technik.eu.pl w przypadku:<\/span><\/p>\n<p class=\"wp-block-heading\"><span style=\"font-style: normal; font-variant-caps: normal;\">1.1. Rejestracji Konta w Sklepie w celu utworzenia indywidualnego konta i zarz\u0105dzania tym <\/span><span style=\"font-style: normal; font-variant-caps: normal;\">Kontem na podstawie art. 6 ust. 1 lit. b) RODO (realizacja umowy o \u015bwiadczenie us\u0142ugi drog\u0105 <\/span><span style=\"font-style: normal; font-variant-caps: normal;\">elektroniczn\u0105 zgodnie z Regulaminem Sklepu),<\/span><\/p>\n<p class=\"wp-block-heading\"><span style=\"font-style: normal; font-variant-caps: normal;\">1.2. Sk\u0142adania Zam\u00f3wienia w Sklepie w celu wykonania Umowy Sprzeda\u017cy na podstawie art. 6 <\/span><span style=\"font-style: normal; font-variant-caps: normal;\">ust. 1 lit. b) RODO (realizacja umowy sprzeda\u017cy),<\/span><\/p>\n<p class=\"wp-block-heading\"><span style=\"font-style: normal; font-variant-caps: normal;\">1.3. Skorzystania z Systemu Opinii w celu umo\u017cliwienia Klientowi wyra\u017cenia swojego zdania na <\/span><span style=\"font-style: normal; font-variant-caps: normal;\">temat zakupionego w Sklepie Produktu oraz zawartej ze Sprzedawc\u0105 Umowy Sprzeda\u017cy na <\/span><span style=\"font-style: normal; font-variant-caps: normal;\">podstawie art. 6 ust. 1 lit. f) RODO (prawnie uzasadniony interes przedsi\u0119biorcy).<\/span><\/p>\n<p class=\"wp-block-heading\"><span style=\"font-style: normal; font-variant-caps: normal;\">2. RODZAJ PRZETWARZANYCH DANYCH OSOBOWYCH. <\/span><\/p>\n<p class=\"wp-block-heading\"><span style=\"font-style: normal; font-variant-caps: normal;\">Us\u0142ugobiorca podaje w przypadku:<\/span><\/p>\n<p class=\"wp-block-heading\"><span style=\"font-style: normal; font-variant-caps: normal;\">2.1. Konta: adres e-mail,<\/span><\/p>\n<p class=\"wp-block-heading\"><span style=\"font-style: normal; font-variant-caps: normal;\">2.2. Zam\u00f3wienia: imi\u0119 i nazwisko, adres, NIP, adres e-mail, numer telefonu,<\/span><\/p>\n<p class=\"wp-block-heading\"><span style=\"font-style: normal; font-variant-caps: normal;\">2.3. System Opinii: imi\u0119 i nazwisko, adres e-mail.<\/span><\/p>\n<p class=\"wp-block-heading\"><span style=\"font-style: normal; font-variant-caps: normal;\">3. OKRES ARCHIWIZACJI DANYCH OSOBOWYCH. <\/span><\/p>\n<p class=\"wp-block-heading\"><span style=\"font-style: normal; font-variant-caps: normal;\">Dane osobowe Us\u0142ugobiorc\u00f3w przechowywane s\u0105 <\/span><span style=\"font-style: normal; font-variant-caps: normal;\">przez Administratora:<\/span><\/p>\n<p class=\"wp-block-heading\"><span style=\"font-style: normal; font-variant-caps: normal;\">3.1. W przypadku gdy podstaw\u0105 przetwarzania danych jest wykonanie umowy, tak d\u0142ugo jak jest <\/span><span style=\"font-style: normal; font-variant-caps: normal;\">to niezb\u0119dne do wykonania umowy, a po tym czasie przez okres odpowiadaj\u0105cy okresowi <\/span><span style=\"font-style: normal; font-variant-caps: normal;\">przedawnienia roszcze\u0144. Je\u017celi przepis szczeg\u00f3lny nie stanowi inaczej termin przedawnienia <\/span><span style=\"font-style: normal; font-variant-caps: normal;\">wynosi lat sze\u015b\u0107, a dla roszcze\u0144 o \u015bwiadczenia okresowe oraz roszcze\u0144 zwi\u0105zanych <\/span><span style=\"font-style: normal; font-variant-caps: normal;\">z prowadzeniem dzia\u0142alno\u015bci gospodarczej &#8211; trzy lata,<\/span><\/p>\n<p class=\"wp-block-heading\"><span style=\"font-style: normal; font-variant-caps: normal;\">3.2. W przypadku gdy podstaw\u0105 przetwarzania danych jest zgoda, tak d\u0142ugo a\u017c zgoda nie zostanie <\/span><span style=\"font-style: normal; font-variant-caps: normal;\">odwo\u0142ana, a po odwo\u0142aniu zgody przez okres czasu odpowiadaj\u0105cy okresowi przedawnienia <\/span><span style=\"font-style: normal; font-variant-caps: normal;\">roszcze\u0144 jakie mo\u017ce podnosi\u0107 Administrator i jakie mog\u0105 by\u0107 podnoszone wobec niego. <\/span><span style=\"font-style: normal; font-variant-caps: normal;\">Je\u017celi przepis szczeg\u00f3lny nie stanowi inaczej termin przedawnienia wynosi lat sze\u015b\u0107, a dla <\/span><span style=\"font-style: normal; font-variant-caps: normal;\">roszcze\u0144 o \u015bwiadczenia okresowe oraz roszcze\u0144 zwi\u0105zanych z prowadzeniem dzia\u0142alno\u015bci <\/span><span style=\"font-style: normal; font-variant-caps: normal;\">gospodarczej &#8211; trzy lata.<\/span><\/p>\n<p class=\"wp-block-heading\"><span style=\"font-style: normal; font-variant-caps: normal;\">4. Podczas korzystania ze Sklepu mog\u0105 by\u0107 pobierane dodatkowe informacje w szczeg\u00f3lno\u015bci: adres <\/span><span style=\"font-style: normal; font-variant-caps: normal;\">IP przypisany do komputera Us\u0142ugobiorcy lub zewn\u0119trzny adres IP dostawcy Internetu, nazwa <\/span><span style=\"font-style: normal; font-variant-caps: normal;\">domeny, rodzaj przegl\u0105darki, czas dost\u0119pu, typ systemu operacyjnego.<\/span><\/p>\n<p class=\"wp-block-heading\"><span style=\"font-style: normal; font-variant-caps: normal;\">5. Po wyra\u017ceniu odr\u0119bnej zgody, na podstawie art. 6 ust. 1 lit. a) RODO dane mog\u0105 by\u0107 <\/span><span style=\"font-style: normal; font-variant-caps: normal;\">przetwarzane r\u00f3wnie\u017c w celu przesy\u0142ania informacji handlowych drog\u0105 elektroniczn\u0105 lub <\/span><span style=\"font-style: normal; font-variant-caps: normal;\">wykonywania telefonicznych po\u0142\u0105cze\u0144 w celu marketingu bezpo\u015bredniego \u2013 odpowiednio w <\/span><span style=\"font-style: normal; font-variant-caps: normal;\">zwi\u0105zku z art. 398 ust. 1 i 2 Ustawy z dnia 12 lipca 2024 r. &#8211; Prawo komunikacji elektronicznej, w <\/span><span style=\"font-style: normal; font-variant-caps: normal;\">tym kierowanych w wyniku profilowania, o ile Us\u0142ugobiorca wyrazi\u0142 stosown\u0105 zgod\u0119.<\/span><\/p>\n<p class=\"wp-block-heading\"><span style=\"font-style: normal; font-variant-caps: normal;\">6. Od Us\u0142ugobiorc\u00f3w mog\u0105 by\u0107 tak\u017ce gromadzone dane nawigacyjne w tym informacje o linkach <\/span><span style=\"font-style: normal; font-variant-caps: normal;\">i odno\u015bnikach, w kt\u00f3re zdecyduj\u0105 si\u0119 klikn\u0105\u0107 lub innych czynno\u015bciach podejmowanych w Sklepie. <\/span><span style=\"font-style: normal; font-variant-caps: normal;\">Podstaw\u0105 prawn\u0105 tego rodzaju czynno\u015bci jest prawnie uzasadniony interes Administratora (art. 6 <\/span><span style=\"font-style: normal; font-variant-caps: normal;\">ust. 1 lit. f RODO) polegaj\u0105cy na u\u0142atwieniu korzystania z us\u0142ug \u015bwiadczonych drog\u0105 elektroniczn\u0105 <\/span><span style=\"font-style: normal; font-variant-caps: normal;\">oraz na poprawie funkcjonalno\u015bci tych us\u0142ug.<\/span><\/p>\n<p class=\"wp-block-heading\"><span style=\"font-style: normal; font-variant-caps: normal;\">7. Podanie danych osobowych przez Us\u0142ugobiorc\u0119 jest dobrowolne.<\/span><\/p>\n<p class=\"wp-block-heading\"><span style=\"font-style: normal; font-variant-caps: normal;\">8. Administrator dok\u0142ada szczeg\u00f3lnej staranno\u015bci w celu ochrony interes\u00f3w os\u00f3b, kt\u00f3rych dane <\/span><span style=\"font-style: normal; font-variant-caps: normal;\">dotycz\u0105 a w szczeg\u00f3lno\u015bci zapewnia, \u017ce zbierane przez niego dane s\u0105:<\/span><\/p>\n<p class=\"wp-block-heading\"><span style=\"font-style: normal; font-variant-caps: normal;\">8.1. Przetwarzane zgodnie z prawem,<\/span><\/p>\n<p class=\"wp-block-heading\"><span style=\"font-style: normal; font-variant-caps: normal;\">8.2. Zbierane dla oznaczonych, zgodnych z prawem cel\u00f3w i niepoddawane dalszemu <\/span><span style=\"font-style: normal; font-variant-caps: normal;\">przetwarzaniu niezgodnemu z tymi celami,<\/span><\/p>\n<p class=\"wp-block-heading\"><span style=\"font-style: normal; font-variant-caps: normal;\">8.3. Merytorycznie poprawne i adekwatne w stosunku do cel\u00f3w w jakich s\u0105 przetwarzane oraz <\/span><span style=\"font-style: normal; font-variant-caps: normal;\">przechowywane w postaci umo\u017cliwiaj\u0105cej identyfikacj\u0119 os\u00f3b kt\u00f3rych dotycz\u0105, nie d\u0142u\u017cej ni\u017c <\/span><span style=\"font-style: normal; font-variant-caps: normal;\">jest to niezb\u0119dne do osi\u0105gni\u0119cia celu przetwarzania.<\/span><\/p>\n<h2>\u00a7 3<\/h2>\n<h2>UDOST\u0118PNIENIE DANYCH OSOBOWYCH<\/h2>\n<p>1. Dane osobowe Us\u0142ugobiorc\u00f3w przekazywane s\u0105 dostawcom us\u0142ug, z kt\u00f3rych korzysta Administrator przy prowadzeniu Sklepu, a w szczeg\u00f3lno\u015bci do:<br \/>1.1. podmiot\u00f3w realizuj\u0105cych dostaw\u0119 Produkt\u00f3w<\/p>\n<p>1.2. dostawc\u00f3w system\u00f3w p\u0142atno\u015bci,<br \/>1.3. dostawc\u00f3w system\u00f3w ankiet opiniuj\u0105cych,<br \/>1.4. biura ksi\u0119gowego,<br \/>1.5. hostingodawcy,<br \/>1.6. dostawcy oprogramowania umo\u017cliwiaj\u0105cego prowadzenie dzia\u0142alno\u015bci,<br \/>1.7. podmiot\u00f3w zapewniaj\u0105cych system mailingowy,<br \/>1.8. dostawcy oprogramowania potrzebnego do prowadzenia sklepu internetowego.<br \/>2. Dostawcy us\u0142ug (o kt\u00f3rych mowa w pkt 1 niniejszego paragrafu), kt\u00f3rym przekazywane s\u0105 dane osobowe &#8211; w zale\u017cno\u015bci od uzgodnie\u0144 umownych i okoliczno\u015bci &#8211; albo podlegaj\u0105 poleceniom Administratora co do cel\u00f3w i sposob\u00f3w przetwarzania tych danych (podmioty przetwarzaj\u0105ce) albo samodzielnie okre\u015blaj\u0105 cele i sposoby ich przetwarzania (administratorzy).<br \/>3. Dane osobowe Us\u0142ugobiorc\u00f3w s\u0105 przechowywane wy\u0142\u0105cznie na terenie Europejskiego Obszaru Gospodarczego (EOG) z zastrze\u017ceniem \u00a7 5 pkt 5 oraz \u00a7 6 Polityki Prywatno\u015bci.<\/p>\n<h2>\u00a7 4<\/h2>\n<h2>PRAWO KONTROLI, DOST\u0118PU DO TRE\u015aCI W\u0141ASNYCH DANYCH ORAZ ICH POPRAWIANIA<\/h2>\n<p><br \/>1. Osoba, kt\u00f3rej dane dotycz\u0105 ma prawo dost\u0119pu do tre\u015bci swoich danych osobowych oraz prawo ich sprostowania, usuni\u0119cia, ograniczenia przetwarzania, prawo do przenoszenia danych, prawo wniesienia sprzeciwu, prawo do cofni\u0119cia zgody w dowolnym momencie bez wp\u0142ywu na zgodno\u015b\u0107 z prawem przetwarzania, kt\u00f3rego dokonano na podstawie zgody przed jej cofni\u0119ciem.<br \/>2. Podstawy prawne \u017c\u0105dania Us\u0142ugobiorcy:<br \/>2.1. Dost\u0119p do danych \u2013 art. 15 RODO,<br \/>2.2. Sprostowanie danych \u2013 art. 16 RODO,<br \/>2.3. usuni\u0119cie danych (tzw. prawo do bycia zapomnianym) \u2013 art. 17 RODO,<br \/>2.4. Ograniczenie przetwarzania \u2013 art. 18 RODO,<br \/>2.5. Przeniesienie danych \u2013 art. 20 RODO,<br \/>2.6. Sprzeciw \u2013 art. 21 RODO,<br \/>2.7. Cofni\u0119cie zgody \u2013 art. 7 ust. 3 RODO.<br \/>3. W celu realizacji uprawnie\u0144, o kt\u00f3rych mowa w pkt 2 mo\u017cna wys\u0142a\u0107 stosown\u0105 wiadomo\u015b\u0107 e-mail na adres: sklep@metal-technik.eu<br \/>4. W sytuacji wyst\u0105pienia przez Us\u0142ugobiorc\u0119 z uprawnieniem wynikaj\u0105cym z powy\u017cszych praw, Administrator spe\u0142nia \u017c\u0105danie albo odmawia jego spe\u0142nienia niezw\u0142ocznie nie p\u00f3\u017aniej jednak ni\u017c w ci\u0105gu miesi\u0105ca po jego otrzymaniu. Je\u017celi jednak &#8211; z uwagi na skomplikowany charakter \u017c\u0105dania lub liczb\u0119 \u017c\u0105da\u0144 \u2013 Administrator nie b\u0119dzie m\u00f3g\u0142 spe\u0142ni\u0107 \u017c\u0105dania w ci\u0105gu miesi\u0105ca, spe\u0142ni je w ci\u0105gu kolejnych dw\u00f3ch miesi\u0119cy informuj\u0105c Us\u0142ugobiorc\u0119 uprzednio w terminie miesi\u0105ca od otrzymania \u017c\u0105dania &#8211; o zamierzonym przed\u0142u\u017ceniu terminu oraz jego przyczynach.<br \/>5. W przypadku stwierdzenia, \u017ce przetwarzanie danych osobowych narusza przepisy RODO, osoba, kt\u00f3rej dane dotycz\u0105, ma prawo wnie\u015b\u0107 skarg\u0119 do Prezesa Urz\u0119du Ochrony Danych Osobowych.<\/p>\n<h2>\u00a7 5<br \/>PLIKI &#8222;COOKIES&#8221;<\/h2>\n<p>1. Strona Administratora u\u017cywa plik\u00f3w \u201ecookies\u201d.<br \/>2. Instalacja plik\u00f3w \u201ecookies\u201d jest konieczna do prawid\u0142owego \u015bwiadczenia us\u0142ug na stronie internetowej Sklepu. W plikach \u201ecookies&#8221; znajduj\u0105 si\u0119 informacje niezb\u0119dne do prawid\u0142owego funkcjonowania strony, a tak\u017ce daj\u0105 one tak\u017ce mo\u017cliwo\u015b\u0107 opracowywania og\u00f3lnych statystyk odwiedzin strony internetowej.<br \/>3. W ramach strony stosowane s\u0105 dwa rodzaje plik\u00f3w \u201ecookies\u201d: \u201esesyjne\u201d oraz \u201esta\u0142e\u201d.<br \/>3.1. \u201eCookies\u201d \u201esesyjne\u201d s\u0105 plikami tymczasowymi, kt\u00f3re przechowywane s\u0105 w urz\u0105dzeniu ko\u0144cowym Us\u0142ugobiorcy do czasu wylogowania (opuszczenia strony),<br \/>3.2. \u201eSta\u0142e\u201d pliki \u201ecookies\u201d przechowywane s\u0105 w urz\u0105dzeniu ko\u0144cowym Us\u0142ugobiorcy przez czas okre\u015blony w parametrach plik\u00f3w \u201ecookies\u201d lub do czasu ich usuni\u0119cia przez Us\u0142ugobiorc\u0119.<br \/>4. Administrator wykorzystuje w\u0142asne pliki cookies w celu lepszego poznania sposobu interakcji Us\u0142ugobiorc\u00f3w w zakresie zawarto\u015bci strony. Pliki gromadz\u0105 informacje o sposobie korzystania ze strony internetowej przez Us\u0142ugobiorc\u0119, typie strony z jakiej Us\u0142ugobiorca zosta\u0142 przekierowany oraz liczbie odwiedzin i czasie wizyty Us\u0142ugobiorcy na stronie internetowej. Informacje te nie rejestruj\u0105 konkretnych danych osobowych Us\u0142ugobiorcy, lecz s\u0142u\u017c\u0105 do opracowania statystyk korzystania ze strony.<br \/>5. Administrator wykorzystuje r\u00f3wnie\u017c zewn\u0119trzne pliki cookies w celu zbierania og\u00f3lnych i anonimowych danych statycznych za po\u015brednictwem narz\u0119dzi analitycznych Google Analytics<br \/>(administrator cookies zewn\u0119trznego: Google LLC. z siedzib\u0105 w USA).<br \/>6. Pliki cookies mog\u0105 by\u0107 r\u00f3wnie\u017c wykorzystywane przez sieci reklamowe (w szczeg\u00f3lno\u015bci sie\u0107 Google) w celu wy\u015bwietlania reklam dopasowanych do sposobu, w jaki Us\u0142ugobiorca korzysta ze Sklepu. W tym celu mog\u0105 zachowa\u0107 informacj\u0119 o \u015bcie\u017cce nawigacji Us\u0142ugobiorcy lub czasie pozostawania na danej stronie.<br \/>7. Us\u0142ugobiorca ma prawo zadecydowania w zakresie dost\u0119pu plik\u00f3w \u201ecookies\u201d do swojego komputera poprzez:<br \/>7.1. Wyb\u00f3r rodzaj\u00f3w plik\u00f3w cookies, na gromadzenie kt\u00f3rych wyra\u017ca zgod\u0119 tu\u017c po wej\u015bciu na stron\u0119 Sklepu i pojawieniu si\u0119 komunikatu dotycz\u0105cego cookies,<br \/>7.2. Zmian\u0119 ustawie\u0144 w oknie swojej przegl\u0105darki. Szczeg\u00f3\u0142owe informacje o mo\u017cliwo\u015bci i sposobach obs\u0142ugi plik\u00f3w \u201ecookies\u201d dost\u0119pne s\u0105 r\u00f3wnie\u017c w ustawieniach oprogramowania (przegl\u0105darki internetowej).<\/p>\n<h2>\u00a7 6<\/h2>\n<h2>US\u0141UGI DODATKOWE ZWI\u0104ZANE Z AKTYWNO\u015aCI\u0104 U\u017bYTKOWNIKA W SKLEPIE<\/h2>\n<p>1. W Sklepie wykorzystywane s\u0105 tzw. wtyczki spo\u0142eczno\u015bciowe (\u201ewtyczki\u201c) serwis\u00f3w spo\u0142eczno\u015bciowych. Wy\u015bwietlaj\u0105c stron\u0119 internetow\u0105 www.metal-technik.eu, zawieraj\u0105c\u0105 tak\u0105 wtyczk\u0119 przegl\u0105darka Us\u0142ugobiorcy nawi\u0105\u017ce bezpo\u015brednie po\u0142\u0105czenie z serwerami Facebook, Instagram, YouTube oraz Google.<br \/>2. Zawarto\u015b\u0107 wtyczki jest przekazywana przez danego us\u0142ugodawc\u0119 bezpo\u015brednio do przegl\u0105darki Us\u0142ugobiorcy i integrowana ze stron\u0105. Dzi\u0119ki tej integracji us\u0142ugodawcy otrzymuj\u0105 informacj\u0119, \u017ce przegl\u0105darka Us\u0142ugobiorcy wy\u015bwietli\u0142a stron\u0119 www.metal-technik.eu, nawet je\u015bli Us\u0142ugobiorca nie posiada profilu u danego us\u0142ugodawcy, czy nie jest u niego akurat zalogowany. Taka informacja (wraz z adresem IP Us\u0142ugobiorcy) jest przesy\u0142ana przez przegl\u0105dark\u0119 bezpo\u015brednio do serwera danego us\u0142ugodawcy (niekt\u00f3re serwery znajduj\u0105 si\u0119 w USA) i tam przechowywana.<br \/>3. Je\u015bli Us\u0142ugobiorca zaloguje si\u0119 do jednego z powy\u017cszych serwis\u00f3w spo\u0142eczno\u015bciowych, to us\u0142ugodawca ten b\u0119dzie m\u00f3g\u0142 bezpo\u015brednio przyporz\u0105dkowa\u0107 wizyt\u0119 na stronie www.metal- technik.eu do profilu Us\u0142ugobiorcy w danym serwisie spo\u0142eczno\u015bciowym.<\/p>\n<p>4. Je\u015bli Us\u0142ugobiorca u\u017cyje danej wtyczki np. klikaj\u0105c na przycisk \u201eLubi\u0119 to\u201d lub przycisk \u201eUdost\u0119pnij\u201d, to odpowiednia informacja zostanie r\u00f3wnie\u017c przes\u0142ana bezpo\u015brednio na serwer danego us\u0142ugodawcy i tam zachowana.<br \/>5. Cel i zakres gromadzenia danych oraz ich dalszego przetwarzania i wykorzystania przez us\u0142ugodawc\u00f3w, jak r\u00f3wnie\u017c mo\u017cliwo\u015b\u0107 kontaktu oraz prawa Us\u0142ugobiorcy w tym zakresie i mo\u017cliwo\u015b\u0107 dokonania ustawie\u0144 zapewniaj\u0105cych ochron\u0119 prywatno\u015bci Us\u0142ugobiorcy zosta\u0142y opisane w polityce prywatno\u015bci us\u0142ugodawc\u00f3w:<br \/>5.1. https:\/\/www.facebook.com\/policy.php<br \/>5.2. https:\/\/help.instagram.com\/519522125107875?helpref=page_content<br \/>5.3. https:\/\/www.youtube.com\/intl\/ALL_pl\/howyoutubeworks\/user-settings\/privacy\/<br \/>5.4. https:\/\/policies.google.com\/privacy?hl=pl&amp;gl=ZZ.<br \/>6. Je\u015bli Us\u0142ugobiorca nie chce, aby serwisy spo\u0142eczno\u015bciowe przyporz\u0105dkowywa\u0142y dane zebrane w trakcie odwiedzin na stronie www.metal-technik.eu bezpo\u015brednio jego profilowi w danym serwisie, to przed wizyt\u0105 na stronie www.metal-technik.eu musi wylogowa\u0107 si\u0119 z tego serwisu. Us\u0142ugobiorca mo\u017ce r\u00f3wnie\u017c ca\u0142kowicie uniemo\u017cliwi\u0107 za\u0142adowanie na stronie wtyczek stosuj\u0105c odpowiednie rozszerzenia dla przegl\u0105darki np. blokowanie skrypt\u00f3w za pomoc\u0105 \u201eNoScript\u201c.<br \/>7. Administrator wykorzystuje na swojej stronie narz\u0119dzia remarketingowe tj. Google Ads. Ich u\u017cywanie wi\u0105\u017ce si\u0119 wykorzystywaniem plik\u00f3w cookies firmy Google LLC. dotycz\u0105cych us\u0142ugi Google Ads. W ramach mechanizmu do zarz\u0105dzania ustawieniami plik\u00f3w cookies Us\u0142ugobiorca ma mo\u017cliwo\u015b\u0107 zdecydowania czy Us\u0142ugodawca b\u0119dzie m\u00f3g\u0142 korzysta\u0107 z Google Ads (administrator cookies zewn\u0119trznego: Google LLC. z siedzib\u0105 w USA) w stosunku do niego.<\/p>\n<h2>\u00a7 7<\/h2>\n<h2>POSTANOWIENIA KO\u0143COWE<\/h2>\n<p>1. Administrator stosuje \u015brodki techniczne i organizacyjne zapewniaj\u0105ce ochron\u0119 przetwarzanych danych osobowych odpowiedni\u0105 do zagro\u017ce\u0144 oraz kategorii danych obj\u0119tych ochron\u0105, a w szczeg\u00f3lno\u015bci zabezpiecza dane przed ich udost\u0119pnieniem osobom nieupowa\u017cnionym, zabraniem przez osob\u0119 nieuprawnion\u0105, przetwarzaniem z naruszeniem obowi\u0105zuj\u0105cych przepis\u00f3w oraz zmian\u0105, utrat\u0105, uszkodzeniem lub zniszczeniem.<br \/>2. Administrator udost\u0119pnia odpowiednie \u015brodki techniczne zapobiegaj\u0105ce pozyskiwaniu i modyfikowaniu przez osoby nieuprawnione, danych osobowych przesy\u0142anych drog\u0105 elektroniczn\u0105.<br \/>3. W sprawach nieuregulowanych niniejsz\u0105 Polityk\u0105 prywatno\u015bci stosuje si\u0119 odpowiednio przepisy RODO oraz inne w\u0142a\u015bciwe przepisy prawa polskiego.<\/p>\n<p><!-- \/wp:list --><!-- wp:paragraph --><\/p>\n<p>\u00a0<\/p>\n<p><!-- \/wp:paragraph --><!-- wp:paragraph --><\/p>\n<p>\u00a0<\/p>\n<p><!-- \/wp:paragraph --><\/p>\t\t\t\t\t\t\t\t<\/div>\n\t\t\t\t\t<\/div>\n\t\t\t\t<\/div>\n\t\t<div class=\"elementor-element elementor-element-957a184 e-flex e-con-boxed e-con e-parent\" data-id=\"957a184\" data-element_type=\"container\" data-e-type=\"container\" data-settings=\"{&quot;jet_parallax_layout_list&quot;:[]}\">\n\t\t\t\t\t<div class=\"e-con-inner\">\n\t\t\t\t\t<\/div>\n\t\t\t\t<\/div>\n\t\t\t\t<\/div>","protected":false},"excerpt":{"rendered":"<p>POLITYKA PRYWATNO\u015aCI SKLEPU INTERNETOWEGO WWW.SKLEP.METAL-TECHNIK.EU oraz WWW.METAL-TECHNIK.EU \u00a7 1 POSTANOWIENIA OG\u00d3LNE 1. Administratorem danych osobowych zbieranych za po\u015brednictwem Sklepu internetowego www.metal-technik.eu s\u0105 Wsp\u00f3lnicy Sp\u00f3\u0142ki Cywilnej METAL-TECHNIK SP. CYWILNA JAROS\u0141AW ADAMSKI, JOANNA ADAMSKA, adres do dor\u0119cze\u0144: Ga\u0142k\u00f3wka 12, 18-413 Miastkowo, NIP: 7182060921, REGON: 200160565, adres poczty elektronicznej (e-mail): sklep@metal-technik.eu, numer telefonu: +48 606 859 808. \u00a0 [&hellip;]<\/p>\n","protected":false},"author":1,"featured_media":0,"parent":0,"menu_order":0,"comment_status":"closed","ping_status":"open","template":"","meta":{"footnotes":""},"class_list":["post-3","page","type-page","status-publish","hentry"],"_links":{"self":[{"href":"https:\/\/metal-technik.eu\/en\/wp-json\/wp\/v2\/pages\/3","targetHints":{"allow":["GET"]}}],"collection":[{"href":"https:\/\/metal-technik.eu\/en\/wp-json\/wp\/v2\/pages"}],"about":[{"href":"https:\/\/metal-technik.eu\/en\/wp-json\/wp\/v2\/types\/page"}],"author":[{"embeddable":true,"href":"https:\/\/metal-technik.eu\/en\/wp-json\/wp\/v2\/users\/1"}],"replies":[{"embeddable":true,"href":"https:\/\/metal-technik.eu\/en\/wp-json\/wp\/v2\/comments?post=3"}],"version-history":[{"count":3,"href":"https:\/\/metal-technik.eu\/en\/wp-json\/wp\/v2\/pages\/3\/revisions"}],"predecessor-version":[{"id":8461,"href":"https:\/\/metal-technik.eu\/en\/wp-json\/wp\/v2\/pages\/3\/revisions\/8461"}],"wp:attachment":[{"href":"https:\/\/metal-technik.eu\/en\/wp-json\/wp\/v2\/media?parent=3"}],"curies":[{"name":"wp","href":"https:\/\/api.w.org\/{rel}","templated":true}]}}